{"id":57,"date":"2024-02-27T08:25:02","date_gmt":"2024-02-27T08:25:02","guid":{"rendered":"https:\/\/www.informaticaangel.com\/?page_id=57"},"modified":"2024-05-29T16:44:37","modified_gmt":"2024-05-29T16:44:37","slug":"politica-de-privacidad","status":"publish","type":"page","link":"https:\/\/www.informaticaangel.com\/index.php\/politica-de-privacidad\/","title":{"rendered":"Pol\u00edtica de Privacidad"},"content":{"rendered":"\t\t<div data-elementor-type=\"wp-page\" data-elementor-id=\"57\" class=\"elementor elementor-57\" data-elementor-post-type=\"page\">\n\t\t\t\t<div class=\"elementor-element elementor-element-272bbc9 e-flex e-con-boxed e-con e-parent\" data-id=\"272bbc9\" data-element_type=\"container\" data-e-type=\"container\">\n\t\t\t\t\t<div class=\"e-con-inner\">\n\t\t\t\t<div class=\"elementor-element elementor-element-b7e57c6 elementor-widget elementor-widget-heading\" data-id=\"b7e57c6\" data-element_type=\"widget\" data-e-type=\"widget\" data-widget_type=\"heading.default\">\n\t\t\t\t<div class=\"elementor-widget-container\">\n\t\t\t\t\t<h1 class=\"elementor-heading-title elementor-size-default\">Pol\u00edtica de Privacidad<\/h1>\t\t\t\t<\/div>\n\t\t\t\t<\/div>\n\t\t\t\t<div class=\"elementor-element elementor-element-495c6d9 elementor-widget elementor-widget-text-editor\" data-id=\"495c6d9\" data-element_type=\"widget\" data-e-type=\"widget\" data-widget_type=\"text-editor.default\">\n\t\t\t\t<div class=\"elementor-widget-container\">\n\t\t\t\t\t\t\t\t\t<p align=\"justify\"><strong>MARCOS CELIS RUIZ<\/strong>, (C.I.F. 72094089Z), con direcci\u00f3n en C\/ Matalinares N\u00ba 20, Bajo, 39540 San Vicente De La Barquera (Cantabria), es titular de la website\u00a0<a href=\"https:\/\/www.informaticaangel.com\">www.informaticaangel.com<\/a>, y como tal, le informa que para hacer uso de los servicios que le ofrece es necesario que nos suministre determinados datos de car\u00e1cter personal. MARCOS CELIS RUIZ actuar\u00e1 de conformidad con lo establecido en la legislaci\u00f3n vigente y, en concreto, de conformidad con lo establecido en el Reglamento Europeo de Protecci\u00f3n de Datos (RGPD), en la Ley Org\u00e1nica de Protecci\u00f3n de Datos y Garant\u00eda de los Derechos Digitales (LOPD-GDD) 3\/2018 de 5 de diciembre y en la Ley de Servicios de la Sociedad de la Informaci\u00f3n (LSSI), en lo referente al mantenimiento de la confidencialidad y tratamiento de datos personales facilitados voluntariamente por los usuarios de esta p\u00e1gina Web.<\/p><p align=\"justify\"><strong>Consentimiento y autorizaci\u00f3n al tratamiento de sus datos personales<\/strong><br \/>Le informamos que los datos personales obtenidos a trav\u00e9s de los formularios de recogida de datos de\u00a0<a href=\"https:\/\/www.informaticaangel.com\">www.informaticaangel.com<\/a>\u00a0ser\u00e1n tratados por MARCOS CELIS RUIZ con la finalidad de gestionar su solicitud\u00a0 y el mantenimiento de las relaciones profesionales y comerciales con usted, as\u00ed como para mantener un v\u00ednculo.<br \/>Sus datos personales no ser\u00e1n cedidos a terceros, salvo que sean requeridos por ley o por las autoridades competentes.<\/p><p align=\"justify\">La base que legitima el tratamiento de sus datos es su consentimiento dado al cumplimentar voluntariamente el formulario correspondiente con sus datos personales y aceptar la presente Pol\u00edtica de Privacidad.<br \/>MARCOS CELIS RUIZ le informa de que en ning\u00fan caso est\u00e1 obligado a facilitarnos sus datos personales, y que \u00e9stos son los adecuados, pertinentes y estrictamente necesarios para cumplir con la finalidad por la que se recogen, no obstante, estos son imprescindibles para dar respuesta a su solicitud o para proporcionarle los servicios ofertados.<\/p><p align=\"justify\">Si usted se ha puesto en contacto con nosotros v\u00eda correo electr\u00f3nico, le informamos que los datos personales que usted nos haya facilitado ser\u00e1n tratados por MARCOS CELIS RUIZ<strong>\u00a0<\/strong>con la finalidad de gestionar y mantener las relaciones profesionales que nos unen con usted. Para la realizaci\u00f3n de esta gesti\u00f3n es posible que sus datos sean comunicados a las entidades y administraciones p\u00fablicas necesarias para la realizaci\u00f3n de dicha gesti\u00f3n. Este tratamiento de datos es necesario para mantener dicha relaci\u00f3n profesional. Igualmente, le informamos que sus datos ser\u00e1n conservados mientras se mantengan estas relaciones y los plazos marcados por la legislaci\u00f3n fiscal o durante los plazos establecidos para atender posibles reclamaciones.<\/p><p align=\"justify\">Si Usted nos ha enviado su curr\u00edculum a las direcciones postales o electr\u00f3nicas de MARCOS CELIS RUIZ <em>o nos lo ha facilitado a trav\u00e9s de bolsas de empleo de terceros (Linkedin, Infojobs, Universidades o Escuelas), le informamos que sus datos ser\u00e1n tratados por\u00a0<\/em>MARCOS CELIS RUIZ para la gesti\u00f3n de sus procesos de selecci\u00f3n de personal de puestos vacantes en la empresa. Sus datos no ser\u00e1n cedidos a terceros. Este tratamiento de datos es necesario para atender su solicitud de empleo y est\u00e1 basado en el consentimiento que Usted nos da al enviarnos su curr\u00edculum. Sus datos ser\u00e1n.<\/p><p align=\"justify\">conservados \u00fanicamente si hay un proceso de selecci\u00f3n abierto y, en este caso, hasta la finalizaci\u00f3n del proceso.<\/p><p align=\"justify\"><strong>Derechos de protecci\u00f3n de datos del interesado<\/strong><\/p><p align=\"justify\">A los efectos de lo dispuesto en la normativa vigente, Ud. puede ejercer sus derechos de acceso, rectificaci\u00f3n, supresi\u00f3n, oposici\u00f3n, a no ser objeto de decisiones individuales automatizadas, portabilidad y limitaci\u00f3n del tratamiento de sus datos dirigi\u00e9ndose al Responsable de Protecci\u00f3n de Datos de\u00a0<strong>MARCOS CELIS RUIZ<\/strong>, sita en C\/ Matalinares N\u00ba 20, Bajo, 39540 San Vicente De La Barquera (Cantabria), o a\u00a0<a href=\"mailto:iangel@informaticaangel.com\">iangel@informaticaangel.com<\/a>, acompa\u00f1ando copia de su DNI acreditando debidamente su identidad. Ud. tiene derecho a presentar una reclamaci\u00f3n ante la Agencia Espa\u00f1ola de Protecci\u00f3n de Datos (AEPD), si considera infringidos sus derechos.<\/p><p align=\"justify\"><strong>Actualizaci\u00f3n y Cancelaci\u00f3n de sus datos<\/strong><\/p><p align=\"justify\">Es importante que para que podamos mantener sus datos personales actualizados, nos informe siempre que haya habido alguna modificaci\u00f3n en ellos, en caso contrario, no respondemos de la veracidad de los mismos. Asimismo, nos certifica que todos los datos que Ud. nos facilita son ciertos, vigentes y pertinentes para la finalidad por la que se los solicitamos, y que los facilita por s\u00ed mismo.<br \/>Sus datos ser\u00e1n conservados hasta que Usted revoque su consentimiento o se oponga al tratamiento de sus datos con esta finalidad, sin que ello condicione otras relaciones que mantenga con la entidad.<\/p><p align=\"justify\"><strong>Garant\u00eda de Confidencialidad y Seguridad de los datos<\/strong><br \/>MARCOS CELIS RUIZ, en respuesta a la confianza depositada en nosotros y teniendo en cuenta la importancia en materia de protecci\u00f3n y confidencialidad que requieren sus datos personales, les informa que ha adoptado las medidas, t\u00e9cnicas y organizativas, necesarias para garantizar la confidencialidad, disponibilidad, integridad y resiliencias de sus sistemas y servicios de tratamiento. No obstante, el usuario debe ser consciente de que las medidas de seguridad en Internet no son inexpugnables.<br \/>La presente pol\u00edtica de privacidad ha sido actualizada en Enero de 2021. MARCOS CELIS RUIZ<strong>\u00a0<\/strong>se reserva el derecho de modificar su pol\u00edtica de protecci\u00f3n de datos en el supuesto de que exista un cambio de la legislaci\u00f3n vigente, doctrina jurisprudencial o por criterios propios empresariales. Si se introdujese alg\u00fan cambio en esta pol\u00edtica, el nuevo texto se publicar\u00e1 en esta misma direcci\u00f3n.<\/p><p align=\"justify\"><strong><u>Aviso Legal<\/u><\/strong><\/p><p align=\"justify\">En cumplimiento con el deber de informaci\u00f3n recogido en el art\u00edculo 10 de la Ley 34\/2002, de 11 de julio, de Servicios de la Sociedad de la Informaci\u00f3n y de Comercio Electr\u00f3nico, le informamos que la URL www.informaticaangel.com (en adelante el PORTAL) es un dominio propiedad de\u00a0<strong>MARCOS CELIS RUIZ\u00a0<\/strong>(en adelante, la ENTIDAD), con domicilio sito en C\/ Matalinares N\u00ba 20, Bajo, 39540 San Vicente De La Barquera (Cantabria), en Espa\u00f1a, con C.I.F. n\u00ba 72094089Z.<\/p><p align=\"justify\">Todas las marcas, nombres comerciales o signos distintivos de cualquier clase que aparecen en el PORTAL son propiedad de la ENTIDAD o de terceros, sin que pueda entenderse que el uso o acceso al sitio y\/o a los servicios, atribuya al usuario derecho alguno sobre las citadas marcas, nombres comerciales y\/o signos distintivos.<\/p><p align=\"justify\">Asimismo, los contenidos publicados en la web, su dise\u00f1o gr\u00e1fico, im\u00e1genes, bases de datos y c\u00f3digo fuente son propiedad intelectual de la ENTIDAD o de terceros, sin que puedan entenderse cedidos al usuario, en virtud de lo establecido en este Aviso Legal, ninguno de los derechos de explotaci\u00f3n que existen o puedan existir sobre dichos contenidos m\u00e1s all\u00e1 de lo estrictamente necesario para el correcto uso del PORTAL y de los servicios que se prestan a trav\u00e9s de \u00e9l.<\/p><p align=\"justify\">Le recordamos que en caso de que usted sea persona f\u00edsica que act\u00fae con fines ajenos a sus actividades comerciales o empresariales, a su oficio o a su profesi\u00f3n, puede acudir a la plataforma de resoluci\u00f3n de litigios en l\u00ednea que puede encontrar en el siguiente enlace:\u00a0<a href=\"http:\/\/ec.europa.eu\/consumers\/odr\/\" rel=\"nofollow noopener\" target=\"_blank\">http:\/\/ec.europa.eu\/consumers\/odr<\/a><\/p><p align=\"justify\">El acceso a este web site es responsabilidad exclusiva de los usuarios. El simple acceso al PORTAL no supone entablar ning\u00fan tipo de relaci\u00f3n de car\u00e1cter comercial entre la ENTIDAD y el usuario. \u00a0Accediendo a \u00e9l acepta los siguientes t\u00e9rminos y condiciones.<\/p><p align=\"justify\">\u00a0Puede contactar con nosotros a trav\u00e9s de la direcci\u00f3n email:<a href=\"mailto:iangel@informaticaangel.com\"> iangel@informaticaangel.com<\/a><\/p><p align=\"justify\"><strong><u>Condiciones Generales de Uso<\/u><\/strong><\/p><div align=\"justify\"><ul><li><strong>IDENTIFICACI\u00d3N DE LAS PARTES.<\/strong><\/li><\/ul><\/div><p align=\"justify\">Las presentes Condiciones Generales de uso de los servicios ofrecidos en la URL\u00a0<a href=\"https:\/\/www.informaticaangel.com\">www.informaticaangel.com<\/a>\u00a0(en adelante el PORTAL) son suscritas, por el titular del dominio,\u00a0<strong>MARCOS CELIS RUIZ<\/strong> cuyo correo electr\u00f3nico de contacto es:<a href=\"mailto:iangel@informaticaangel.com\"> iangel@informaticaangel.com<\/a>. \u00a0<br \/>Se considera USUARIO, a las personas f\u00edsicas con capacidad para suscribir v\u00e1lidamente un contrato de acuerdo con la ley aplicable.<br \/>Ud. no podr\u00e1 utilizar el sitio web y no podr\u00e1 aceptar las Condiciones si:<\/p><div align=\"justify\"><ul><li>no es mayor de edad y no puede formalizar un contrato vinculante conforme a derecho, o<\/li><li>no reviste la calidad de USUARIO seg\u00fan lo expuesto.<\/li><\/ul><ul><li><strong>PERFECCIONAMIENTO DEL ACUERDO.<\/strong><\/li><\/ul><\/div><p align=\"justify\">Para utilizar el PORTAL, deben aceptarse las presentes condiciones generales (en adelante, las Condiciones), as\u00ed como aquellas estipulaciones particulares recogidas para la utilizaci\u00f3n y\/o contrataci\u00f3n de servicios concretos. En caso contrario, deber\u00e1 abandonarse el PORTAL.<\/p><p align=\"justify\">Ud. podr\u00e1 aceptar las Condiciones:<\/p><div align=\"justify\"><ul><li>haciendo clic en el bot\u00f3n de aceptaci\u00f3n de las Condiciones, cuando se le ofrezca esta opci\u00f3n en la interfaz de usuario; o<\/li><li>utilizando de forma efectiva el sitio web. Ud. reconoce y acepta que, la utilizaci\u00f3n del PORTAL se considerar\u00e1 como una aceptaci\u00f3n de las Condiciones.<\/li><\/ul><\/div><p align=\"justify\">Se aconseja al USUARIO leer con detenimiento las presentes condiciones. Podr\u00e1 guardarlas o imprimirlas si as\u00ed lo desea.<\/p><div align=\"justify\"><ul><li><strong>\u00c1MBITO DE APLICACI\u00d3N.<\/strong><\/li><\/ul><\/div><p align=\"justify\">Las presentes condiciones generales ser\u00e1n de aplicaci\u00f3n a todos los servicios\/productos recogidos en la web\u00a0<a href=\"https:\/\/www.informaticaangel.com\">www.informaticaangel.com<\/a>.<\/p><p align=\"justify\">Los siguientes documentos se entienden incorporados a las presentes Condiciones por remisi\u00f3n desde las mismas:<\/p><div align=\"justify\"><ul><li>Aviso Legal<\/li><li>Pol\u00edtica de Privacidad<\/li><\/ul><ul><li><strong>USUARIOS Y SERVICIOS OFRECIDOS:<\/strong><\/li><\/ul><\/div><p align=\"justify\">\u00a0<\/p><p align=\"justify\"><strong>El PORTAL<\/strong>\u00a0presenta servicios abiertos a la totalidad del p\u00fablico que lo visita.<\/p><p align=\"justify\">El uso de los servicios ofrecidos en el web site queda sujeto a la previa aceptaci\u00f3n y cumplimiento de las Condiciones por el USUARIO.<\/p><div align=\"justify\"><ul><li><strong>POL\u00cdTICA DE PRIVACIDAD:<\/strong><\/li><\/ul><\/div><p align=\"justify\">Los datos de car\u00e1cter personal facilitados a trav\u00e9s del PORTAL, ser\u00e1n tratados por la ENTIDAD para las finalidades descritas en las condiciones recogidas en la\u00a0<strong><u>Pol\u00edtica de Privacidad<\/u><\/strong>, que queda incorporada a las presentes Condiciones de Uso por remisi\u00f3n desde este apartado.<\/p><div align=\"justify\"><ul><li><strong>POL\u00cdTICA DE COOKIES:<\/strong><\/li><\/ul><\/div><p align=\"justify\">El PORTAL utiliza cookies para el correcto funcionamiento del mismo as\u00ed como mejorar la calidad del servicio. Los datos personales recabados a trav\u00e9s de estas cookies ser\u00e1n tratados por la ENTIDAD en los t\u00e9rminos indicados en su\u00a0<strong><u>Pol\u00edtica de Cookies<\/u><\/strong>, que queda incorporada a las presentes Condiciones Generales por remisi\u00f3n desde este apartado.<\/p><div align=\"justify\"><ul><li><strong>CANCELACI\u00d3N DE LOS SERVICIOS:<\/strong><\/li><\/ul><\/div><p align=\"justify\">Los servicios prestados por el portal para la generalidad de los usuarios son gratuitos y meramente informativos, por lo que no requieren acci\u00f3n alguna para su cese, tan s\u00f3lo la mera voluntad del usuario de no visitar el PORTAL.<\/p><div align=\"justify\"><ul><li>\u00a0<strong>RESPONSABILIDADES:<\/strong><\/li><\/ul><\/div><p align=\"justify\"><strong>\u00a0<\/strong><\/p><p align=\"justify\"><strong>\u00a0\u00a0 Del portal:<\/strong><br \/>No se har\u00e1 responsable, directa ni subsidiariamente de:<\/p><div align=\"justify\"><ul><li>La calidad del servicio, pues se prestan \u201ctal cual\u201d y la ENTIDAD no otorga ninguna garant\u00eda con respecto a los mismos.<\/li><li>Los da\u00f1os que puedan causarse en los equipos del usuario por la utilizaci\u00f3n del portal.<\/li><li>Los vicios y defectos de toda clase de los contenidos transmitidos, difundidos, almacenados o puestos a disposici\u00f3n.<\/li><\/ul><\/div><p align=\"justify\"><strong>\u00a0\u00a0 Del usuario:<\/strong><br \/>El usuario\/cliente ser\u00e1 responsable:<\/p><div align=\"justify\"><ul><li>De los datos e informaciones introducidos y enviados a la ENTIDAD en los formularios disponibles.<\/li><li>De la realizaci\u00f3n de cualquier tipo de actuaci\u00f3n il\u00edcita, lesiva de derechos, nociva y\/o perjudicial<\/li><\/ul><ul><li><strong>\u00a0\u00a0PROPIEDAD INTELECTUAL E INDUSTRIAL:<\/strong><\/li><\/ul><\/div><p align=\"justify\"><strong>\u00a0<\/strong><\/p><p align=\"justify\">La totalidad de esta web: texto, im\u00e1genes, marcas, gr\u00e1ficos, logotipos, botones, archivos de software, combinaciones de colores, estructura, selecci\u00f3n, ordenaci\u00f3n y presentaci\u00f3n de sus contenidos, c\u00f3digos objeto y fuente; son propiedad de la ENTIDAD o de terceros, quedando prohibida su reproducci\u00f3n, distribuci\u00f3n, comunicaci\u00f3n p\u00fablica y transformaci\u00f3n, salvo para uso personal y privado, debiendo el USUARIO respetar lo estipulado en el\u00a0<strong><u>Aviso Legal<\/u><\/strong>\u00a0que consta en el PORTAL, y que queda incorporado a las presentes Condiciones por remisi\u00f3n desde este apartado.<\/p><div align=\"justify\"><ul><li><strong>MENORES DE EDAD:<\/strong><\/li><\/ul><\/div><p align=\"justify\">Los menores de edad deben solicitar y obtener el permiso de sus padres, tutor o representante legal antes de poder acceder a los contenidos alojados en el PORTAL. Queda prohibido el acceso y uso del portal a los menores de 14 a\u00f1os no autorizados.<br \/>La ENTIDAD recuerda a los usuarios mayores de edad que tengan a su cargo menores, que ser\u00e1 de su exclusiva responsabilidad determinar qu\u00e9 servicios y\/o contenidos son apropiados para estos \u00faltimos; y les informa sobre la existencia de programas inform\u00e1ticos para acotar la navegaci\u00f3n, mediante el filtro o bloqueo a determinados contenidos.<\/p><div align=\"justify\"><ul><li><strong>FUERO:<\/strong><\/li><\/ul><\/div><p align=\"justify\">Las presentes condiciones est\u00e1n redactadas en espa\u00f1ol, y se encuentran sometidas a la legislaci\u00f3n espa\u00f1ola vigente. Para cualquier tipo de controversia derivada de la utilizaci\u00f3n de los servicios ofrecidos o de los contenidos propios del portal las partes, con la aceptaci\u00f3n de estas Condiciones, se someter\u00e1n a los Tribunales y Juzgados competentes de la localidad donde el\/la MARCOS CELIS RUIZ tiene su sede social<\/p><div align=\"justify\"><ul><li><strong>CONDICIONES ADICIONALES:<\/strong><\/li><\/ul><\/div><p align=\"justify\">Si alguna disposici\u00f3n de estas Condiciones se considera inv\u00e1lida o inejecutable, dicha disposici\u00f3n ser\u00e1 eliminada quedando en vigor el resto del clausulado. Los t\u00edtulos de los apartados deben entenderse a los solos efectos de referencias, y de ning\u00fan modo definen, limitan, interpretan o describen el \u00e1mbito o extensi\u00f3n del apartado correspondiente.<\/p><p>\u00a0<\/p><form action=\"\" method=\"post\" name=\"form1\"><label><input name=\"checkbox\" type=\"checkbox\" value=\"checkbox\" \/>\u00a0He le\u00eddo y acepto la Pol\u00edtica de Privacidad<\/label><\/form>\t\t\t\t\t\t\t\t<\/div>\n\t\t\t\t<\/div>\n\t\t\t\t\t<\/div>\n\t\t\t\t<\/div>\n\t\t\t\t<\/div>\n\t\t","protected":false},"excerpt":{"rendered":"<p>Pol\u00edtica de Privacidad MARCOS CELIS RUIZ, (C.I.F. 72094089Z), con direcci\u00f3n en C\/ Matalinares N\u00ba 20, Bajo, 39540 San Vicente De La Barquera (Cantabria), es titular de la website\u00a0www.informaticaangel.com, y como tal, le informa que para hacer uso de los servicios que le ofrece es necesario que nos suministre determinados datos de car\u00e1cter personal. MARCOS CELIS [&hellip;]<\/p>\n","protected":false},"author":1,"featured_media":0,"parent":0,"menu_order":0,"comment_status":"closed","ping_status":"closed","template":"","meta":{"footnotes":""},"class_list":["post-57","page","type-page","status-publish","hentry"],"_links":{"self":[{"href":"https:\/\/www.informaticaangel.com\/index.php\/wp-json\/wp\/v2\/pages\/57","targetHints":{"allow":["GET"]}}],"collection":[{"href":"https:\/\/www.informaticaangel.com\/index.php\/wp-json\/wp\/v2\/pages"}],"about":[{"href":"https:\/\/www.informaticaangel.com\/index.php\/wp-json\/wp\/v2\/types\/page"}],"author":[{"embeddable":true,"href":"https:\/\/www.informaticaangel.com\/index.php\/wp-json\/wp\/v2\/users\/1"}],"replies":[{"embeddable":true,"href":"https:\/\/www.informaticaangel.com\/index.php\/wp-json\/wp\/v2\/comments?post=57"}],"version-history":[{"count":10,"href":"https:\/\/www.informaticaangel.com\/index.php\/wp-json\/wp\/v2\/pages\/57\/revisions"}],"predecessor-version":[{"id":102,"href":"https:\/\/www.informaticaangel.com\/index.php\/wp-json\/wp\/v2\/pages\/57\/revisions\/102"}],"wp:attachment":[{"href":"https:\/\/www.informaticaangel.com\/index.php\/wp-json\/wp\/v2\/media?parent=57"}],"curies":[{"name":"wp","href":"https:\/\/api.w.org\/{rel}","templated":true}]}}