{"id":275,"date":"2024-03-10T19:22:55","date_gmt":"2024-03-10T19:22:55","guid":{"rendered":"https:\/\/www.informaticaangel.com\/?page_id=275"},"modified":"2024-05-29T16:42:18","modified_gmt":"2024-05-29T16:42:18","slug":"negocios-y-oficinas","status":"publish","type":"page","link":"https:\/\/www.informaticaangel.com\/index.php\/negocios-y-oficinas\/","title":{"rendered":"Negocios y Oficinas"},"content":{"rendered":"\t\t<div data-elementor-type=\"wp-page\" data-elementor-id=\"275\" class=\"elementor elementor-275\" data-elementor-post-type=\"page\">\n\t\t\t\t<div class=\"elementor-element elementor-element-0a0e52f e-flex e-con-boxed e-con e-parent\" data-id=\"0a0e52f\" data-element_type=\"container\" data-e-type=\"container\">\n\t\t\t\t\t<div class=\"e-con-inner\">\n\t\t\t\t<div class=\"elementor-element elementor-element-c92d651 elementor-widget elementor-widget-heading\" data-id=\"c92d651\" data-element_type=\"widget\" data-e-type=\"widget\" data-widget_type=\"heading.default\">\n\t\t\t\t<div class=\"elementor-widget-container\">\n\t\t\t\t\t<h1 class=\"elementor-heading-title elementor-size-default\">Oficina y Negocio<\/h1>\t\t\t\t<\/div>\n\t\t\t\t<\/div>\n\t\t\t\t\t<\/div>\n\t\t\t\t<\/div>\n\t\t<div class=\"elementor-element elementor-element-0ed837b e-flex e-con-boxed e-con e-parent\" data-id=\"0ed837b\" data-element_type=\"container\" data-e-type=\"container\">\n\t\t\t\t\t<div class=\"e-con-inner\">\n\t\t\t\t<div class=\"elementor-element elementor-element-bf68ff1 elementor-widget elementor-widget-text-editor\" data-id=\"bf68ff1\" data-element_type=\"widget\" data-e-type=\"widget\" data-widget_type=\"text-editor.default\">\n\t\t\t\t<div class=\"elementor-widget-container\">\n\t\t\t\t\t\t\t\t\t<p>En Inform\u00e1tica Angel encontraras todo lo que necesitas para tu oficina y negocio, desde ordenadores, impresoras, todo tipos de perif\u00e9ricos, camaras de vigilancia, control de presencia, redes inform\u00e1ticas, caj\u00f3n de cobro autom\u00e1tico, basculas, lector de c\u00f3digos de barras, impresoras de etiquetas&#8230;<\/p><p>Trabajamos con los principales programas de gesti\u00f3n y facturaci\u00f3n para que puedas gestionar de la mejor manera y con la maxima seguridad.<\/p>\t\t\t\t\t\t\t\t<\/div>\n\t\t\t\t<\/div>\n\t\t\t\t\t<\/div>\n\t\t\t\t<\/div>\n\t\t<div class=\"elementor-element elementor-element-a485166 e-flex e-con-boxed e-con e-parent\" data-id=\"a485166\" data-element_type=\"container\" data-e-type=\"container\">\n\t\t\t\t\t<div class=\"e-con-inner\">\n\t\t<div class=\"elementor-element elementor-element-4fc05cb e-con-full e-flex e-con e-child\" data-id=\"4fc05cb\" data-element_type=\"container\" data-e-type=\"container\">\n\t\t\t\t<div class=\"elementor-element elementor-element-e4f834d elementor-widget elementor-widget-image\" data-id=\"e4f834d\" data-element_type=\"widget\" data-e-type=\"widget\" data-widget_type=\"image.default\">\n\t\t\t\t<div class=\"elementor-widget-container\">\n\t\t\t\t\t\t\t\t\t\t\t\t\t\t\t<img fetchpriority=\"high\" decoding=\"async\" width=\"800\" height=\"614\" src=\"https:\/\/www.informaticaangel.com\/wp-content\/uploads\/2024\/03\/Comercios-1-1024x786.jpg\" class=\"attachment-large size-large wp-image-291\" alt=\"Comercios 1\" srcset=\"https:\/\/www.informaticaangel.com\/wp-content\/uploads\/2024\/03\/Comercios-1-1024x786.jpg 1024w, https:\/\/www.informaticaangel.com\/wp-content\/uploads\/2024\/03\/Comercios-1-300x230.jpg 300w, https:\/\/www.informaticaangel.com\/wp-content\/uploads\/2024\/03\/Comercios-1-768x590.jpg 768w, https:\/\/www.informaticaangel.com\/wp-content\/uploads\/2024\/03\/Comercios-1-1536x1179.jpg 1536w, https:\/\/www.informaticaangel.com\/wp-content\/uploads\/2024\/03\/Comercios-1-2048x1573.jpg 2048w\" sizes=\"(max-width: 800px) 100vw, 800px\" \/>\t\t\t\t\t\t\t\t\t\t\t\t\t\t\t<\/div>\n\t\t\t\t<\/div>\n\t\t\t\t<\/div>\n\t\t<div class=\"elementor-element elementor-element-9f969ce e-con-full e-flex e-con e-child\" data-id=\"9f969ce\" data-element_type=\"container\" data-e-type=\"container\">\n\t\t\t\t<div class=\"elementor-element elementor-element-a38ebed elementor-widget elementor-widget-image\" data-id=\"a38ebed\" data-element_type=\"widget\" data-e-type=\"widget\" data-widget_type=\"image.default\">\n\t\t\t\t<div class=\"elementor-widget-container\">\n\t\t\t\t\t\t\t\t\t\t\t\t\t\t\t<img decoding=\"async\" width=\"800\" height=\"612\" src=\"https:\/\/www.informaticaangel.com\/wp-content\/uploads\/2024\/03\/Peluquerias-1024x783.jpg\" class=\"attachment-large size-large wp-image-292\" alt=\"Peluquerias\" srcset=\"https:\/\/www.informaticaangel.com\/wp-content\/uploads\/2024\/03\/Peluquerias-1024x783.jpg 1024w, https:\/\/www.informaticaangel.com\/wp-content\/uploads\/2024\/03\/Peluquerias-300x229.jpg 300w, https:\/\/www.informaticaangel.com\/wp-content\/uploads\/2024\/03\/Peluquerias-768x587.jpg 768w, https:\/\/www.informaticaangel.com\/wp-content\/uploads\/2024\/03\/Peluquerias-1536x1174.jpg 1536w, https:\/\/www.informaticaangel.com\/wp-content\/uploads\/2024\/03\/Peluquerias-2048x1565.jpg 2048w\" sizes=\"(max-width: 800px) 100vw, 800px\" \/>\t\t\t\t\t\t\t\t\t\t\t\t\t\t\t<\/div>\n\t\t\t\t<\/div>\n\t\t\t\t<\/div>\n\t\t<div class=\"elementor-element elementor-element-a087e2e e-con-full e-flex e-con e-child\" data-id=\"a087e2e\" data-element_type=\"container\" data-e-type=\"container\">\n\t\t\t\t<div class=\"elementor-element elementor-element-44bf344 elementor-widget elementor-widget-image\" data-id=\"44bf344\" data-element_type=\"widget\" data-e-type=\"widget\" data-widget_type=\"image.default\">\n\t\t\t\t<div class=\"elementor-widget-container\">\n\t\t\t\t\t\t\t\t\t\t\t\t\t\t\t<img decoding=\"async\" width=\"800\" height=\"634\" src=\"https:\/\/www.informaticaangel.com\/wp-content\/uploads\/2024\/03\/Supermercados-1024x811.jpg\" class=\"attachment-large size-large wp-image-290\" alt=\"Supermercados\" srcset=\"https:\/\/www.informaticaangel.com\/wp-content\/uploads\/2024\/03\/Supermercados-1024x811.jpg 1024w, https:\/\/www.informaticaangel.com\/wp-content\/uploads\/2024\/03\/Supermercados-300x238.jpg 300w, https:\/\/www.informaticaangel.com\/wp-content\/uploads\/2024\/03\/Supermercados-768x608.jpg 768w, https:\/\/www.informaticaangel.com\/wp-content\/uploads\/2024\/03\/Supermercados-1536x1217.jpg 1536w, https:\/\/www.informaticaangel.com\/wp-content\/uploads\/2024\/03\/Supermercados-2048x1622.jpg 2048w\" sizes=\"(max-width: 800px) 100vw, 800px\" \/>\t\t\t\t\t\t\t\t\t\t\t\t\t\t\t<\/div>\n\t\t\t\t<\/div>\n\t\t\t\t<\/div>\n\t\t\t\t\t<\/div>\n\t\t\t\t<\/div>\n\t\t<div class=\"elementor-element elementor-element-e85dbfc e-flex e-con-boxed e-con e-parent\" data-id=\"e85dbfc\" data-element_type=\"container\" data-e-type=\"container\">\n\t\t\t\t\t<div class=\"e-con-inner\">\n\t\t\t\t<div class=\"elementor-element elementor-element-9b4d3b3 elementor-widget elementor-widget-video\" data-id=\"9b4d3b3\" data-element_type=\"widget\" data-e-type=\"widget\" data-settings=\"{&quot;video_type&quot;:&quot;hosted&quot;,&quot;autoplay&quot;:&quot;yes&quot;,&quot;loop&quot;:&quot;yes&quot;,&quot;controls&quot;:&quot;yes&quot;}\" data-widget_type=\"video.default\">\n\t\t\t\t<div class=\"elementor-widget-container\">\n\t\t\t\t\t\t\t<div class=\"e-hosted-video elementor-wrapper elementor-open-inline\">\n\t\t\t\t\t<video class=\"elementor-video\" src=\"https:\/\/www.informaticaangel.com\/wp-content\/uploads\/2024\/03\/Promo_Ges_InformaticaAngel_Horizontal_PCDS3YPQH.mp4\" autoplay=\"\" loop=\"\" controls=\"\" controlsList=\"nodownload\"><\/video>\n\t\t\t\t<\/div>\n\t\t\t\t\t\t<\/div>\n\t\t\t\t<\/div>\n\t\t\t\t<div class=\"elementor-element elementor-element-29bb53d elementor-align-center elementor-widget elementor-widget-button\" data-id=\"29bb53d\" data-element_type=\"widget\" data-e-type=\"widget\" data-widget_type=\"button.default\">\n\t\t\t\t<div class=\"elementor-widget-container\">\n\t\t\t\t\t\t\t\t\t<div class=\"elementor-button-wrapper\">\n\t\t\t\t\t<a class=\"elementor-button elementor-button-link elementor-size-sm elementor-animation-grow\" href=\"http:\/\/www.aigclassic.com\/programas\" rel=\"nofollow noopener\" target=\"_blank\">\n\t\t\t\t\t\t<span class=\"elementor-button-content-wrapper\">\n\t\t\t\t\t\t\t\t\t<span class=\"elementor-button-text\">Descarga ClassicGes 6 aqui<\/span>\n\t\t\t\t\t<\/span>\n\t\t\t\t\t<\/a>\n\t\t\t\t<\/div>\n\t\t\t\t\t\t\t\t<\/div>\n\t\t\t\t<\/div>\n\t\t\t\t\t<\/div>\n\t\t\t\t<\/div>\n\t\t<div class=\"elementor-element elementor-element-d392fce e-flex e-con-boxed e-con e-parent\" data-id=\"d392fce\" data-element_type=\"container\" data-e-type=\"container\">\n\t\t\t\t\t<div class=\"e-con-inner\">\n\t\t\t\t<div class=\"elementor-element elementor-element-346af51 elementor-widget elementor-widget-heading\" data-id=\"346af51\" data-element_type=\"widget\" data-e-type=\"widget\" data-widget_type=\"heading.default\">\n\t\t\t\t<div class=\"elementor-widget-container\">\n\t\t\t\t\t<h2 class=\"elementor-heading-title elementor-size-default\">Gesti\u00f3n de Cobro Autom\u00e1tico<\/h2>\t\t\t\t<\/div>\n\t\t\t\t<\/div>\n\t\t\t\t\t<\/div>\n\t\t\t\t<\/div>\n\t\t<div class=\"elementor-element elementor-element-4cef209 e-flex e-con-boxed e-con e-parent\" data-id=\"4cef209\" data-element_type=\"container\" data-e-type=\"container\">\n\t\t\t\t\t<div class=\"e-con-inner\">\n\t\t\t\t<div class=\"elementor-element elementor-element-9f60d5d elementor-widget elementor-widget-text-editor\" data-id=\"9f60d5d\" data-element_type=\"widget\" data-e-type=\"widget\" data-widget_type=\"text-editor.default\">\n\t\t\t\t<div class=\"elementor-widget-container\">\n\t\t\t\t\t\t\t\t\t<h4 class=\"col-about-title\">UN CASHDRO PARA CADA TIPO DE NEGOCIO<\/h4><p>CashDro es el caj\u00f3n inteligente\u00a0<b>m\u00e1s seguro del mercado<\/b>. A diferencia de otros cajones fabricados con pl\u00e1stico o chapa delgada, CashDro est\u00e1 fabricado con chapa de acero de hasta 4mm de grosor.<\/p><p>Los equipos CashDro son\u00a0<b>los m\u00e1s inteligentes<\/b> gracias a su sistema de autodiagn\u00f3stico y el c\u00e1lculo autom\u00e1tico de la fianza seg\u00fan el propio hist\u00f3rico de operaciones realizadas.<\/p><p>CashDro ofrece el mejor servicio\u00a0<b>posventa<\/b> gracias a una extensa red de servicios t\u00e9cnicos certificados que monitoriza todos los equipos instalados en tiempo real y dispone de un sistema de env\u00edo inmediato de piezas para su reemplazo en menos de 24 horas laborables.<\/p>\t\t\t\t\t\t\t\t<\/div>\n\t\t\t\t<\/div>\n\t\t\t\t\t<\/div>\n\t\t\t\t<\/div>\n\t\t<div class=\"elementor-element elementor-element-4df1559 e-flex e-con-boxed e-con e-parent\" data-id=\"4df1559\" data-element_type=\"container\" data-e-type=\"container\">\n\t\t\t\t\t<div class=\"e-con-inner\">\n\t\t<div class=\"elementor-element elementor-element-0ef0302 e-con-full e-flex e-con e-child\" data-id=\"0ef0302\" data-element_type=\"container\" data-e-type=\"container\">\n\t\t\t\t<div class=\"elementor-element elementor-element-ae7dd46 elementor-widget elementor-widget-image\" data-id=\"ae7dd46\" data-element_type=\"widget\" data-e-type=\"widget\" data-widget_type=\"image.default\">\n\t\t\t\t<div class=\"elementor-widget-container\">\n\t\t\t\t\t\t\t\t\t\t\t\t\t\t\t<img loading=\"lazy\" decoding=\"async\" width=\"353\" height=\"359\" src=\"https:\/\/www.informaticaangel.com\/wp-content\/uploads\/2024\/03\/Cashdro.png\" class=\"attachment-large size-large wp-image-294\" alt=\"Cashdro\" srcset=\"https:\/\/www.informaticaangel.com\/wp-content\/uploads\/2024\/03\/Cashdro.png 353w, https:\/\/www.informaticaangel.com\/wp-content\/uploads\/2024\/03\/Cashdro-295x300.png 295w\" sizes=\"(max-width: 353px) 100vw, 353px\" \/>\t\t\t\t\t\t\t\t\t\t\t\t\t\t\t<\/div>\n\t\t\t\t<\/div>\n\t\t\t\t<\/div>\n\t\t<div class=\"elementor-element elementor-element-e179ea8 e-con-full e-flex e-con e-child\" data-id=\"e179ea8\" data-element_type=\"container\" data-e-type=\"container\">\n\t\t\t\t<div class=\"elementor-element elementor-element-c68bd00 elementor-widget elementor-widget-image\" data-id=\"c68bd00\" data-element_type=\"widget\" data-e-type=\"widget\" data-widget_type=\"image.default\">\n\t\t\t\t<div class=\"elementor-widget-container\">\n\t\t\t\t\t\t\t\t\t\t\t\t\t\t\t<img loading=\"lazy\" decoding=\"async\" width=\"800\" height=\"622\" src=\"https:\/\/www.informaticaangel.com\/wp-content\/uploads\/2024\/03\/casdro-Info.png\" class=\"attachment-large size-large wp-image-293\" alt=\"casdro Info\" srcset=\"https:\/\/www.informaticaangel.com\/wp-content\/uploads\/2024\/03\/casdro-Info.png 1024w, https:\/\/www.informaticaangel.com\/wp-content\/uploads\/2024\/03\/casdro-Info-300x233.png 300w, https:\/\/www.informaticaangel.com\/wp-content\/uploads\/2024\/03\/casdro-Info-768x597.png 768w\" sizes=\"(max-width: 800px) 100vw, 800px\" \/>\t\t\t\t\t\t\t\t\t\t\t\t\t\t\t<\/div>\n\t\t\t\t<\/div>\n\t\t\t\t<\/div>\n\t\t\t\t\t<\/div>\n\t\t\t\t<\/div>\n\t\t<div class=\"elementor-element elementor-element-985a793 e-flex e-con-boxed e-con e-parent\" data-id=\"985a793\" data-element_type=\"container\" data-e-type=\"container\">\n\t\t\t\t\t<div class=\"e-con-inner\">\n\t\t\t\t<div class=\"elementor-element elementor-element-9c6c347 elementor-widget elementor-widget-heading\" data-id=\"9c6c347\" data-element_type=\"widget\" data-e-type=\"widget\" data-widget_type=\"heading.default\">\n\t\t\t\t<div class=\"elementor-widget-container\">\n\t\t\t\t\t<h3 class=\"elementor-heading-title elementor-size-default\">Solicita presupuesto sin compromiso:<\/h3>\t\t\t\t<\/div>\n\t\t\t\t<\/div>\n\t\t\t\t<div class=\"elementor-element elementor-element-65293eb elementor-button-align-stretch elementor-widget elementor-widget-form\" data-id=\"65293eb\" data-element_type=\"widget\" data-e-type=\"widget\" data-settings=\"{&quot;step_next_label&quot;:&quot;Siguiente&quot;,&quot;step_previous_label&quot;:&quot;Anterior&quot;,&quot;button_width&quot;:&quot;100&quot;,&quot;step_type&quot;:&quot;number_text&quot;,&quot;step_icon_shape&quot;:&quot;circle&quot;}\" data-widget_type=\"form.default\">\n\t\t\t\t<div class=\"elementor-widget-container\">\n\t\t\t\t\t\t\t<form class=\"elementor-form\" method=\"post\" name=\"Nuevo formulario\" aria-label=\"Nuevo formulario\">\n\t\t\t<input type=\"hidden\" name=\"post_id\" value=\"275\"\/>\n\t\t\t<input type=\"hidden\" name=\"form_id\" value=\"65293eb\"\/>\n\t\t\t<input type=\"hidden\" name=\"referer_title\" value=\"\" \/>\n\n\t\t\t\n\t\t\t<div class=\"elementor-form-fields-wrapper elementor-labels-above\">\n\t\t\t\t\t\t\t\t<div class=\"elementor-field-type-text elementor-field-group elementor-column elementor-field-group-name elementor-col-50 elementor-field-required\">\n\t\t\t\t\t\t\t\t\t\t\t\t\t<input size=\"1\" type=\"text\" name=\"form_fields[name]\" id=\"form-field-name\" class=\"elementor-field elementor-size-sm  elementor-field-textual\" placeholder=\"Nombre\" required=\"required\">\n\t\t\t\t\t\t\t\t\t\t\t<\/div>\n\t\t\t\t\t\t\t\t<div class=\"elementor-field-type-text elementor-field-group elementor-column elementor-field-group-field_a1b8a5e elementor-col-50\">\n\t\t\t\t\t\t\t\t\t\t\t\t\t<input size=\"1\" type=\"text\" name=\"form_fields[field_a1b8a5e]\" id=\"form-field-field_a1b8a5e\" class=\"elementor-field elementor-size-sm  elementor-field-textual\" placeholder=\"Apellido\">\n\t\t\t\t\t\t\t\t\t\t\t<\/div>\n\t\t\t\t\t\t\t\t<div class=\"elementor-field-type-tel elementor-field-group elementor-column elementor-field-group-email elementor-col-100 elementor-field-required\">\n\t\t\t\t\t\t\t<input size=\"1\" type=\"tel\" name=\"form_fields[email]\" id=\"form-field-email\" class=\"elementor-field elementor-size-sm  elementor-field-textual\" placeholder=\"Tel\u00e9fono\" required=\"required\" pattern=\"[0-9()#&amp;+*-=.]+\" title=\"Solo se aceptan n\u00fameros y caracteres de tel\u00e9fono (#,-,*,etc).\">\n\n\t\t\t\t\t\t<\/div>\n\t\t\t\t\t\t\t\t<div class=\"elementor-field-type-email elementor-field-group elementor-column elementor-field-group-field_55cbde1 elementor-col-100 elementor-field-required\">\n\t\t\t\t\t\t\t\t\t\t\t\t\t<input size=\"1\" type=\"email\" name=\"form_fields[field_55cbde1]\" id=\"form-field-field_55cbde1\" class=\"elementor-field elementor-size-sm  elementor-field-textual\" placeholder=\"Correo electr\u00f3nico\" required=\"required\">\n\t\t\t\t\t\t\t\t\t\t\t<\/div>\n\t\t\t\t\t\t\t\t<div class=\"elementor-field-type-textarea elementor-field-group elementor-column elementor-field-group-message elementor-col-100 elementor-field-required\">\n\t\t\t\t\t<textarea class=\"elementor-field-textual elementor-field  elementor-size-sm\" name=\"form_fields[message]\" id=\"form-field-message\" rows=\"4\" placeholder=\"Mensaje\" required=\"required\"><\/textarea>\t\t\t\t<\/div>\n\t\t\t\t\t\t\t\t<div class=\"elementor-field-type-acceptance elementor-field-group elementor-column elementor-field-group-field_b76ec68 elementor-col-100 elementor-field-required\">\n\t\t\t\t\t\t\t<div class=\"elementor-field-subgroup\">\n\t\t\t<span class=\"elementor-field-option\">\n\t\t\t\t<input type=\"checkbox\" name=\"form_fields[field_b76ec68]\" id=\"form-field-field_b76ec68\" class=\"elementor-field elementor-size-sm  elementor-acceptance-field\" required=\"required\">\n\t\t\t\t<label for=\"form-field-field_b76ec68\"><p>Acepto condiciones de <a href=\"https:\/\/www.informaticaangel.com\/index.php\/aviso-legal\/\" target=\"_blank\" rel=\"noopener\">Aviso legal<\/a> y <a href=\"https:\/\/www.informaticaangel.com\/index.php\/politica-de-privacidad\/\" target=\"_blank\" rel=\"noopener\">Pol&iacute;tica de Privacidad<\/a>.<\/p><\/label>\t\t\t<\/span>\n\t\t<\/div>\n\t\t\t\t\t\t<\/div>\n\t\t\t\t\t\t\t\t<div class=\"elementor-field-group elementor-column elementor-field-type-submit elementor-col-100 e-form__buttons\">\n\t\t\t\t\t<button class=\"elementor-button elementor-size-sm\" type=\"submit\">\n\t\t\t\t\t\t<span class=\"elementor-button-content-wrapper\">\n\t\t\t\t\t\t\t\t\t\t\t\t\t\t\t\t\t\t\t\t\t\t<span class=\"elementor-button-text\">Enviar<\/span>\n\t\t\t\t\t\t\t\t\t\t\t\t\t<\/span>\n\t\t\t\t\t<\/button>\n\t\t\t\t<\/div>\n\t\t\t<\/div>\n\t\t<\/form>\n\t\t\t\t\t\t<\/div>\n\t\t\t\t<\/div>\n\t\t\t\t\t<\/div>\n\t\t\t\t<\/div>\n\t\t\t\t<\/div>\n\t\t","protected":false},"excerpt":{"rendered":"<p>Oficina y Negocio En Inform\u00e1tica Angel encontraras todo lo que necesitas para tu oficina y negocio, desde ordenadores, impresoras, todo tipos de perif\u00e9ricos, camaras de vigilancia, control de presencia, redes inform\u00e1ticas, caj\u00f3n de cobro autom\u00e1tico, basculas, lector de c\u00f3digos de barras, impresoras de etiquetas&#8230; Trabajamos con los principales programas de gesti\u00f3n y facturaci\u00f3n para que [&hellip;]<\/p>\n","protected":false},"author":1,"featured_media":0,"parent":0,"menu_order":0,"comment_status":"closed","ping_status":"closed","template":"","meta":{"footnotes":""},"class_list":["post-275","page","type-page","status-publish","hentry"],"_links":{"self":[{"href":"https:\/\/www.informaticaangel.com\/index.php\/wp-json\/wp\/v2\/pages\/275","targetHints":{"allow":["GET"]}}],"collection":[{"href":"https:\/\/www.informaticaangel.com\/index.php\/wp-json\/wp\/v2\/pages"}],"about":[{"href":"https:\/\/www.informaticaangel.com\/index.php\/wp-json\/wp\/v2\/types\/page"}],"author":[{"embeddable":true,"href":"https:\/\/www.informaticaangel.com\/index.php\/wp-json\/wp\/v2\/users\/1"}],"replies":[{"embeddable":true,"href":"https:\/\/www.informaticaangel.com\/index.php\/wp-json\/wp\/v2\/comments?post=275"}],"version-history":[{"count":37,"href":"https:\/\/www.informaticaangel.com\/index.php\/wp-json\/wp\/v2\/pages\/275\/revisions"}],"predecessor-version":[{"id":436,"href":"https:\/\/www.informaticaangel.com\/index.php\/wp-json\/wp\/v2\/pages\/275\/revisions\/436"}],"wp:attachment":[{"href":"https:\/\/www.informaticaangel.com\/index.php\/wp-json\/wp\/v2\/media?parent=275"}],"curies":[{"name":"wp","href":"https:\/\/api.w.org\/{rel}","templated":true}]}}