{"id":188,"date":"2024-03-08T09:15:35","date_gmt":"2024-03-08T09:15:35","guid":{"rendered":"https:\/\/www.informaticaangel.com\/?page_id=188"},"modified":"2025-10-07T16:20:02","modified_gmt":"2025-10-07T16:20:02","slug":"servicio-tecnico","status":"publish","type":"page","link":"https:\/\/www.informaticaangel.com\/index.php\/servicio-tecnico\/","title":{"rendered":"Servicio T\u00e9cnico"},"content":{"rendered":"\t\t<div data-elementor-type=\"wp-page\" data-elementor-id=\"188\" class=\"elementor elementor-188\" data-elementor-post-type=\"page\">\n\t\t\t\t<div class=\"elementor-element elementor-element-b1c1b3e e-flex e-con-boxed e-con e-parent\" data-id=\"b1c1b3e\" data-element_type=\"container\" data-e-type=\"container\">\n\t\t\t\t\t<div class=\"e-con-inner\">\n\t\t\t\t<div class=\"elementor-element elementor-element-8345dda elementor-widget elementor-widget-heading\" data-id=\"8345dda\" data-element_type=\"widget\" data-e-type=\"widget\" data-widget_type=\"heading.default\">\n\t\t\t\t<div class=\"elementor-widget-container\">\n\t\t\t\t\t<h1 class=\"elementor-heading-title elementor-size-default\">Servicio T\u00e9cnico<\/h1>\t\t\t\t<\/div>\n\t\t\t\t<\/div>\n\t\t\t\t\t<\/div>\n\t\t\t\t<\/div>\n\t\t<div class=\"elementor-element elementor-element-6c522df e-flex e-con-boxed e-con e-parent\" data-id=\"6c522df\" data-element_type=\"container\" data-e-type=\"container\">\n\t\t\t\t\t<div class=\"e-con-inner\">\n\t\t\t\t<div class=\"elementor-element elementor-element-4eef7af elementor-widget elementor-widget-text-editor\" data-id=\"4eef7af\" data-element_type=\"widget\" data-e-type=\"widget\" data-widget_type=\"text-editor.default\">\n\t\t\t\t<div class=\"elementor-widget-container\">\n\t\t\t\t\t\t\t\t\t<p>SERVICIO TECNICO DE ORDENADORES, MOVILES, TABLETS y PERIFERICOS<br \/>S.A.T. (Servicio de Asistencia T\u00e9cnica)<br \/>El Servicio de Asistencia T\u00e9cnica (S.A.T.) de INFORMATICA ANGEL est\u00e1 compuesto por un equipo profesionales que se dedican a la reparaci\u00f3n y mantenimiento de ordenadores, moviles, tablets y perif\u00e9ricos de todo tipo. La asistencia la prestan, tanto en nuestras dependencias, como en los servicios t\u00e9cnicos oficiales, y domicilios de los clientes. Su actividad no queda limitada a productos adquiridos en NUESTRO COMERCIO sino que ofrece, igualmente, sus servicios sobre cualquier producto del mercado.<br \/>Reparaci\u00f3n de todas las Marcas de Tel\u00e9fonos M\u00f3vil. Disponemos de stock de todos los repuestos de las principales marcas.<br \/>Realizamos al momento Protectores de Pantalla para todos los modelos de M\u00f3viles, Tablets y relojes inteligentes.<\/p>\t\t\t\t\t\t\t\t<\/div>\n\t\t\t\t<\/div>\n\t\t\t\t\t<\/div>\n\t\t\t\t<\/div>\n\t\t<div class=\"elementor-element elementor-element-3423b64 e-flex e-con-boxed e-con e-parent\" data-id=\"3423b64\" data-element_type=\"container\" data-e-type=\"container\">\n\t\t\t\t\t<div class=\"e-con-inner\">\n\t\t<div class=\"elementor-element elementor-element-d171a30 e-con-full e-flex e-con e-child\" data-id=\"d171a30\" data-element_type=\"container\" data-e-type=\"container\">\n\t\t\t\t<div class=\"elementor-element elementor-element-8f61a8e elementor-widget elementor-widget-image\" data-id=\"8f61a8e\" data-element_type=\"widget\" data-e-type=\"widget\" data-widget_type=\"image.default\">\n\t\t\t\t<div class=\"elementor-widget-container\">\n\t\t\t\t\t\t\t\t\t\t\t\t\t\t\t<img fetchpriority=\"high\" decoding=\"async\" width=\"800\" height=\"400\" src=\"https:\/\/www.informaticaangel.com\/wp-content\/uploads\/2024\/02\/servicio-tecnico-1024x512.jpg\" class=\"attachment-large size-large wp-image-52\" alt=\"servicio-tecnico\" srcset=\"https:\/\/www.informaticaangel.com\/wp-content\/uploads\/2024\/02\/servicio-tecnico-1024x512.jpg 1024w, https:\/\/www.informaticaangel.com\/wp-content\/uploads\/2024\/02\/servicio-tecnico-300x150.jpg 300w, https:\/\/www.informaticaangel.com\/wp-content\/uploads\/2024\/02\/servicio-tecnico-768x384.jpg 768w, https:\/\/www.informaticaangel.com\/wp-content\/uploads\/2024\/02\/servicio-tecnico.jpg 1080w\" sizes=\"(max-width: 800px) 100vw, 800px\" \/>\t\t\t\t\t\t\t\t\t\t\t\t\t\t\t<\/div>\n\t\t\t\t<\/div>\n\t\t\t\t<\/div>\n\t\t<div class=\"elementor-element elementor-element-c1ec284 e-con-full e-flex e-con e-child\" data-id=\"c1ec284\" data-element_type=\"container\" data-e-type=\"container\">\n\t\t\t\t<div class=\"elementor-element elementor-element-fc32f9b elementor-widget elementor-widget-image\" data-id=\"fc32f9b\" data-element_type=\"widget\" data-e-type=\"widget\" data-widget_type=\"image.default\">\n\t\t\t\t<div class=\"elementor-widget-container\">\n\t\t\t\t\t\t\t\t\t\t\t\t\t\t\t<img decoding=\"async\" width=\"600\" height=\"400\" src=\"https:\/\/www.informaticaangel.com\/wp-content\/uploads\/2024\/03\/Reparacion-1.jpg\" class=\"attachment-large size-large wp-image-196\" alt=\"Reparacion 1\" srcset=\"https:\/\/www.informaticaangel.com\/wp-content\/uploads\/2024\/03\/Reparacion-1.jpg 600w, https:\/\/www.informaticaangel.com\/wp-content\/uploads\/2024\/03\/Reparacion-1-300x200.jpg 300w\" sizes=\"(max-width: 600px) 100vw, 600px\" \/>\t\t\t\t\t\t\t\t\t\t\t\t\t\t\t<\/div>\n\t\t\t\t<\/div>\n\t\t\t\t<\/div>\n\t\t<div class=\"elementor-element elementor-element-7d9573e e-con-full e-flex e-con e-child\" data-id=\"7d9573e\" data-element_type=\"container\" data-e-type=\"container\">\n\t\t\t\t<div class=\"elementor-element elementor-element-572e72c elementor-widget elementor-widget-image\" data-id=\"572e72c\" data-element_type=\"widget\" data-e-type=\"widget\" data-widget_type=\"image.default\">\n\t\t\t\t<div class=\"elementor-widget-container\">\n\t\t\t\t\t\t\t\t\t\t\t\t\t\t\t<img decoding=\"async\" width=\"800\" height=\"400\" src=\"https:\/\/www.informaticaangel.com\/wp-content\/uploads\/2024\/03\/Reparacion-2-1024x512.jpg\" class=\"attachment-large size-large wp-image-197\" alt=\"Reparacion 2\" srcset=\"https:\/\/www.informaticaangel.com\/wp-content\/uploads\/2024\/03\/Reparacion-2-1024x512.jpg 1024w, https:\/\/www.informaticaangel.com\/wp-content\/uploads\/2024\/03\/Reparacion-2-300x150.jpg 300w, https:\/\/www.informaticaangel.com\/wp-content\/uploads\/2024\/03\/Reparacion-2-768x384.jpg 768w, https:\/\/www.informaticaangel.com\/wp-content\/uploads\/2024\/03\/Reparacion-2.jpg 1080w\" sizes=\"(max-width: 800px) 100vw, 800px\" \/>\t\t\t\t\t\t\t\t\t\t\t\t\t\t\t<\/div>\n\t\t\t\t<\/div>\n\t\t\t\t<\/div>\n\t\t\t\t\t<\/div>\n\t\t\t\t<\/div>\n\t\t<div class=\"elementor-element elementor-element-757adbc e-flex e-con-boxed e-con e-parent\" data-id=\"757adbc\" data-element_type=\"container\" data-e-type=\"container\">\n\t\t\t\t\t<div class=\"e-con-inner\">\n\t\t\t\t<div class=\"elementor-element elementor-element-dc38706 elementor-widget elementor-widget-text-editor\" data-id=\"dc38706\" data-element_type=\"widget\" data-e-type=\"widget\" data-widget_type=\"text-editor.default\">\n\t\t\t\t<div class=\"elementor-widget-container\">\n\t\t\t\t\t\t\t\t\t<p>VENTA Y REPARACION DE MOVILES DE TODAS LAS MARCAS<\/p>\t\t\t\t\t\t\t\t<\/div>\n\t\t\t\t<\/div>\n\t\t\t\t\t<\/div>\n\t\t\t\t<\/div>\n\t\t<div class=\"elementor-element elementor-element-c79201d e-flex e-con-boxed e-con e-parent\" data-id=\"c79201d\" data-element_type=\"container\" data-e-type=\"container\">\n\t\t\t\t\t<div class=\"e-con-inner\">\n\t\t<div class=\"elementor-element elementor-element-9c5460b e-con-full e-flex e-con e-child\" data-id=\"9c5460b\" data-element_type=\"container\" data-e-type=\"container\">\n\t\t\t\t<div class=\"elementor-element elementor-element-94aa37f elementor-widget elementor-widget-image\" data-id=\"94aa37f\" data-element_type=\"widget\" data-e-type=\"widget\" data-widget_type=\"image.default\">\n\t\t\t\t<div class=\"elementor-widget-container\">\n\t\t\t\t\t\t\t\t\t\t\t\t\t\t\t<img loading=\"lazy\" decoding=\"async\" width=\"800\" height=\"450\" src=\"https:\/\/www.informaticaangel.com\/wp-content\/uploads\/2024\/03\/movil1.png\" class=\"attachment-large size-large wp-image-204\" alt=\"movil1\" srcset=\"https:\/\/www.informaticaangel.com\/wp-content\/uploads\/2024\/03\/movil1.png 992w, https:\/\/www.informaticaangel.com\/wp-content\/uploads\/2024\/03\/movil1-300x169.png 300w, https:\/\/www.informaticaangel.com\/wp-content\/uploads\/2024\/03\/movil1-768x432.png 768w\" sizes=\"(max-width: 800px) 100vw, 800px\" \/>\t\t\t\t\t\t\t\t\t\t\t\t\t\t\t<\/div>\n\t\t\t\t<\/div>\n\t\t\t\t<\/div>\n\t\t<div class=\"elementor-element elementor-element-65e6f96 e-con-full e-flex e-con e-child\" data-id=\"65e6f96\" data-element_type=\"container\" data-e-type=\"container\">\n\t\t\t\t<div class=\"elementor-element elementor-element-a81ac5e elementor-widget elementor-widget-image\" data-id=\"a81ac5e\" data-element_type=\"widget\" data-e-type=\"widget\" data-widget_type=\"image.default\">\n\t\t\t\t<div class=\"elementor-widget-container\">\n\t\t\t\t\t\t\t\t\t\t\t\t\t\t\t<img loading=\"lazy\" decoding=\"async\" width=\"800\" height=\"513\" src=\"https:\/\/www.informaticaangel.com\/wp-content\/uploads\/2024\/03\/movil3.jpg\" class=\"attachment-large size-large wp-image-206\" alt=\"movil3\" srcset=\"https:\/\/www.informaticaangel.com\/wp-content\/uploads\/2024\/03\/movil3.jpg 980w, https:\/\/www.informaticaangel.com\/wp-content\/uploads\/2024\/03\/movil3-300x193.jpg 300w, https:\/\/www.informaticaangel.com\/wp-content\/uploads\/2024\/03\/movil3-768x493.jpg 768w\" sizes=\"(max-width: 800px) 100vw, 800px\" \/>\t\t\t\t\t\t\t\t\t\t\t\t\t\t\t<\/div>\n\t\t\t\t<\/div>\n\t\t\t\t<\/div>\n\t\t<div class=\"elementor-element elementor-element-4c1ef62 e-con-full e-flex e-con e-child\" data-id=\"4c1ef62\" data-element_type=\"container\" data-e-type=\"container\">\n\t\t\t\t<div class=\"elementor-element elementor-element-23980e0 elementor-widget elementor-widget-image\" data-id=\"23980e0\" data-element_type=\"widget\" data-e-type=\"widget\" data-widget_type=\"image.default\">\n\t\t\t\t<div class=\"elementor-widget-container\">\n\t\t\t\t\t\t\t\t\t\t\t\t\t\t\t<img loading=\"lazy\" decoding=\"async\" width=\"480\" height=\"270\" src=\"https:\/\/www.informaticaangel.com\/wp-content\/uploads\/2024\/03\/movil2.jpg\" class=\"attachment-large size-large wp-image-205\" alt=\"movil2\" srcset=\"https:\/\/www.informaticaangel.com\/wp-content\/uploads\/2024\/03\/movil2.jpg 480w, https:\/\/www.informaticaangel.com\/wp-content\/uploads\/2024\/03\/movil2-300x169.jpg 300w\" sizes=\"(max-width: 480px) 100vw, 480px\" \/>\t\t\t\t\t\t\t\t\t\t\t\t\t\t\t<\/div>\n\t\t\t\t<\/div>\n\t\t\t\t<\/div>\n\t\t\t\t\t<\/div>\n\t\t\t\t<\/div>\n\t\t<div class=\"elementor-element elementor-element-7f99f33 e-flex e-con-boxed e-con e-parent\" data-id=\"7f99f33\" data-element_type=\"container\" data-e-type=\"container\">\n\t\t\t\t\t<div class=\"e-con-inner\">\n\t\t\t\t<div class=\"elementor-element elementor-element-048122b elementor-widget elementor-widget-text-editor\" data-id=\"048122b\" data-element_type=\"widget\" data-e-type=\"widget\" data-widget_type=\"text-editor.default\">\n\t\t\t\t<div class=\"elementor-widget-container\">\n\t\t\t\t\t\t\t\t\t<p>INSTALAMOS PROTECTORES DE PANTALLA DE TODAS LAS MARCAS Y MODELOS AL MOMENTO<\/p>\t\t\t\t\t\t\t\t<\/div>\n\t\t\t\t<\/div>\n\t\t\t\t\t<\/div>\n\t\t\t\t<\/div>\n\t\t<div class=\"elementor-element elementor-element-ebfef49 e-flex e-con-boxed e-con e-parent\" data-id=\"ebfef49\" data-element_type=\"container\" data-e-type=\"container\">\n\t\t\t\t\t<div class=\"e-con-inner\">\n\t\t<div class=\"elementor-element elementor-element-8c85fed e-con-full e-flex e-con e-child\" data-id=\"8c85fed\" data-element_type=\"container\" data-e-type=\"container\">\n\t\t\t\t<div class=\"elementor-element elementor-element-4c4c1d3 elementor-widget elementor-widget-image\" data-id=\"4c4c1d3\" data-element_type=\"widget\" data-e-type=\"widget\" data-widget_type=\"image.default\">\n\t\t\t\t<div class=\"elementor-widget-container\">\n\t\t\t\t\t\t\t\t\t\t\t\t\t\t\t<img loading=\"lazy\" decoding=\"async\" width=\"225\" height=\"225\" src=\"https:\/\/www.informaticaangel.com\/wp-content\/uploads\/2024\/03\/protectorrock1.png\" class=\"attachment-large size-large wp-image-214\" alt=\"protectorrock1\" srcset=\"https:\/\/www.informaticaangel.com\/wp-content\/uploads\/2024\/03\/protectorrock1.png 225w, https:\/\/www.informaticaangel.com\/wp-content\/uploads\/2024\/03\/protectorrock1-150x150.png 150w\" sizes=\"(max-width: 225px) 100vw, 225px\" \/>\t\t\t\t\t\t\t\t\t\t\t\t\t\t\t<\/div>\n\t\t\t\t<\/div>\n\t\t\t\t<\/div>\n\t\t<div class=\"elementor-element elementor-element-800145d e-con-full e-flex e-con e-child\" data-id=\"800145d\" data-element_type=\"container\" data-e-type=\"container\">\n\t\t\t\t<div class=\"elementor-element elementor-element-fb185de elementor-widget elementor-widget-image\" data-id=\"fb185de\" data-element_type=\"widget\" data-e-type=\"widget\" data-widget_type=\"image.default\">\n\t\t\t\t<div class=\"elementor-widget-container\">\n\t\t\t\t\t\t\t\t\t\t\t\t\t\t\t<img loading=\"lazy\" decoding=\"async\" width=\"800\" height=\"378\" src=\"https:\/\/www.informaticaangel.com\/wp-content\/uploads\/2024\/03\/RockSmpacemaquina.png\" class=\"attachment-large size-large wp-image-213\" alt=\"RockSmpacemaquina\" srcset=\"https:\/\/www.informaticaangel.com\/wp-content\/uploads\/2024\/03\/RockSmpacemaquina.png 958w, https:\/\/www.informaticaangel.com\/wp-content\/uploads\/2024\/03\/RockSmpacemaquina-300x142.png 300w, https:\/\/www.informaticaangel.com\/wp-content\/uploads\/2024\/03\/RockSmpacemaquina-768x363.png 768w\" sizes=\"(max-width: 800px) 100vw, 800px\" \/>\t\t\t\t\t\t\t\t\t\t\t\t\t\t\t<\/div>\n\t\t\t\t<\/div>\n\t\t\t\t<\/div>\n\t\t<div class=\"elementor-element elementor-element-f8871bd e-con-full e-flex e-con e-child\" data-id=\"f8871bd\" data-element_type=\"container\" data-e-type=\"container\">\n\t\t\t\t<div class=\"elementor-element elementor-element-975b160 elementor-widget elementor-widget-image\" data-id=\"975b160\" data-element_type=\"widget\" data-e-type=\"widget\" data-widget_type=\"image.default\">\n\t\t\t\t<div class=\"elementor-widget-container\">\n\t\t\t\t\t\t\t\t\t\t\t\t\t\t\t<img loading=\"lazy\" decoding=\"async\" width=\"225\" height=\"225\" src=\"https:\/\/www.informaticaangel.com\/wp-content\/uploads\/2024\/03\/protectorrock3.png\" class=\"attachment-large size-large wp-image-215\" alt=\"protectorrock3\" srcset=\"https:\/\/www.informaticaangel.com\/wp-content\/uploads\/2024\/03\/protectorrock3.png 225w, https:\/\/www.informaticaangel.com\/wp-content\/uploads\/2024\/03\/protectorrock3-150x150.png 150w\" sizes=\"(max-width: 225px) 100vw, 225px\" \/>\t\t\t\t\t\t\t\t\t\t\t\t\t\t\t<\/div>\n\t\t\t\t<\/div>\n\t\t\t\t<\/div>\n\t\t\t\t\t<\/div>\n\t\t\t\t<\/div>\n\t\t<div class=\"elementor-element elementor-element-5ee9b2a e-flex e-con-boxed e-con e-parent\" data-id=\"5ee9b2a\" data-element_type=\"container\" data-e-type=\"container\">\n\t\t\t\t\t<div class=\"e-con-inner\">\n\t\t\t\t<div class=\"elementor-element elementor-element-45a0d97 elementor-widget elementor-widget-heading\" data-id=\"45a0d97\" data-element_type=\"widget\" data-e-type=\"widget\" data-widget_type=\"heading.default\">\n\t\t\t\t<div class=\"elementor-widget-container\">\n\t\t\t\t\t<h2 class=\"elementor-heading-title elementor-size-default\">Conexi\u00f3n Remota<\/h2>\t\t\t\t<\/div>\n\t\t\t\t<\/div>\n\t\t\t\t<div class=\"elementor-element elementor-element-43977d4 elementor-align-center elementor-widget elementor-widget-button\" data-id=\"43977d4\" data-element_type=\"widget\" data-e-type=\"widget\" data-widget_type=\"button.default\">\n\t\t\t\t<div class=\"elementor-widget-container\">\n\t\t\t\t\t\t\t\t\t<div class=\"elementor-button-wrapper\">\n\t\t\t\t\t<a class=\"elementor-button elementor-button-link elementor-size-sm elementor-animation-grow\" href=\"https:\/\/www.informaticaangel.com\/wp-content\/uploads\/2025\/10\/Supremo.zip\" download=\"\">\n\t\t\t\t\t\t<span class=\"elementor-button-content-wrapper\">\n\t\t\t\t\t\t\t\t\t<span class=\"elementor-button-text\">Descarga Supremo<\/span>\n\t\t\t\t\t<\/span>\n\t\t\t\t\t<\/a>\n\t\t\t\t<\/div>\n\t\t\t\t\t\t\t\t<\/div>\n\t\t\t\t<\/div>\n\t\t\t\t\t<\/div>\n\t\t\t\t<\/div>\n\t\t<div class=\"elementor-element elementor-element-96fbe11 e-flex e-con-boxed e-con e-parent\" data-id=\"96fbe11\" data-element_type=\"container\" data-e-type=\"container\">\n\t\t\t\t\t<div class=\"e-con-inner\">\n\t\t\t\t<div class=\"elementor-element elementor-element-b4f6afc elementor-widget elementor-widget-heading\" data-id=\"b4f6afc\" data-element_type=\"widget\" data-e-type=\"widget\" data-widget_type=\"heading.default\">\n\t\t\t\t<div class=\"elementor-widget-container\">\n\t\t\t\t\t<h3 class=\"elementor-heading-title elementor-size-default\">Solicita presupuesto sin compromiso:<\/h3>\t\t\t\t<\/div>\n\t\t\t\t<\/div>\n\t\t\t\t<div class=\"elementor-element elementor-element-061426f elementor-button-align-stretch elementor-widget elementor-widget-form\" data-id=\"061426f\" data-element_type=\"widget\" data-e-type=\"widget\" data-settings=\"{&quot;step_next_label&quot;:&quot;Siguiente&quot;,&quot;step_previous_label&quot;:&quot;Anterior&quot;,&quot;button_width&quot;:&quot;100&quot;,&quot;step_type&quot;:&quot;number_text&quot;,&quot;step_icon_shape&quot;:&quot;circle&quot;}\" data-widget_type=\"form.default\">\n\t\t\t\t<div class=\"elementor-widget-container\">\n\t\t\t\t\t\t\t<form class=\"elementor-form\" method=\"post\" name=\"Nuevo formulario\" aria-label=\"Nuevo formulario\">\n\t\t\t<input type=\"hidden\" name=\"post_id\" value=\"188\"\/>\n\t\t\t<input type=\"hidden\" name=\"form_id\" value=\"061426f\"\/>\n\t\t\t<input type=\"hidden\" name=\"referer_title\" value=\"Servicio T\u00e9cnico - Informatica Angel\" \/>\n\n\t\t\t\t\t\t\t<input type=\"hidden\" name=\"queried_id\" value=\"188\"\/>\n\t\t\t\n\t\t\t<div class=\"elementor-form-fields-wrapper elementor-labels-above\">\n\t\t\t\t\t\t\t\t<div class=\"elementor-field-type-text elementor-field-group elementor-column elementor-field-group-name elementor-col-50 elementor-field-required\">\n\t\t\t\t\t\t\t\t\t\t\t\t\t<input size=\"1\" type=\"text\" name=\"form_fields[name]\" id=\"form-field-name\" class=\"elementor-field elementor-size-sm  elementor-field-textual\" placeholder=\"Nombre\" required=\"required\">\n\t\t\t\t\t\t\t\t\t\t\t<\/div>\n\t\t\t\t\t\t\t\t<div class=\"elementor-field-type-text elementor-field-group elementor-column elementor-field-group-field_7fb0441 elementor-col-50\">\n\t\t\t\t\t\t\t\t\t\t\t\t\t<input size=\"1\" type=\"text\" name=\"form_fields[field_7fb0441]\" id=\"form-field-field_7fb0441\" class=\"elementor-field elementor-size-sm  elementor-field-textual\" placeholder=\"Apellido\">\n\t\t\t\t\t\t\t\t\t\t\t<\/div>\n\t\t\t\t\t\t\t\t<div class=\"elementor-field-type-tel elementor-field-group elementor-column elementor-field-group-email elementor-col-100 elementor-field-required\">\n\t\t\t\t\t\t\t<input size=\"1\" type=\"tel\" name=\"form_fields[email]\" id=\"form-field-email\" class=\"elementor-field elementor-size-sm  elementor-field-textual\" placeholder=\"Tel\u00e9fono\" required=\"required\" pattern=\"[0-9()#&amp;+*-=.]+\" title=\"Solo se aceptan n\u00fameros y caracteres de tel\u00e9fono (#,-,*,etc).\">\n\n\t\t\t\t\t\t<\/div>\n\t\t\t\t\t\t\t\t<div class=\"elementor-field-type-email elementor-field-group elementor-column elementor-field-group-field_12d0af4 elementor-col-100 elementor-field-required\">\n\t\t\t\t\t\t\t\t\t\t\t\t\t<input size=\"1\" type=\"email\" name=\"form_fields[field_12d0af4]\" id=\"form-field-field_12d0af4\" class=\"elementor-field elementor-size-sm  elementor-field-textual\" placeholder=\"Correo electr\u00f3nico\" required=\"required\">\n\t\t\t\t\t\t\t\t\t\t\t<\/div>\n\t\t\t\t\t\t\t\t<div class=\"elementor-field-type-textarea elementor-field-group elementor-column elementor-field-group-message elementor-col-100 elementor-field-required\">\n\t\t\t\t\t<textarea class=\"elementor-field-textual elementor-field  elementor-size-sm\" name=\"form_fields[message]\" id=\"form-field-message\" rows=\"4\" placeholder=\"Mensaje\" required=\"required\"><\/textarea>\t\t\t\t<\/div>\n\t\t\t\t\t\t\t\t<div class=\"elementor-field-type-acceptance elementor-field-group elementor-column elementor-field-group-field_eeb5470 elementor-col-100 elementor-field-required\">\n\t\t\t\t\t\t\t<div class=\"elementor-field-subgroup\">\n\t\t\t<span class=\"elementor-field-option\">\n\t\t\t\t<input type=\"checkbox\" name=\"form_fields[field_eeb5470]\" id=\"form-field-field_eeb5470\" class=\"elementor-field elementor-size-sm  elementor-acceptance-field\" required=\"required\">\n\t\t\t\t<label for=\"form-field-field_eeb5470\"><p>Acepto condiciones de <a href=\"https:\/\/www.informaticaangel.com\/index.php\/aviso-legal\/\" target=\"_blank\" rel=\"noopener\">Aviso legal<\/a> y <a href=\"https:\/\/www.informaticaangel.com\/index.php\/politica-de-privacidad\/\" target=\"_blank\" rel=\"noopener\">Pol&iacute;tica de Privacidad<\/a>.<\/p><\/label>\t\t\t<\/span>\n\t\t<\/div>\n\t\t\t\t\t\t<\/div>\n\t\t\t\t\t\t\t\t<div class=\"elementor-field-group elementor-column elementor-field-type-submit elementor-col-100 e-form__buttons\">\n\t\t\t\t\t<button class=\"elementor-button elementor-size-sm\" type=\"submit\">\n\t\t\t\t\t\t<span class=\"elementor-button-content-wrapper\">\n\t\t\t\t\t\t\t\t\t\t\t\t\t\t\t\t\t\t\t\t\t\t<span class=\"elementor-button-text\">Enviar<\/span>\n\t\t\t\t\t\t\t\t\t\t\t\t\t<\/span>\n\t\t\t\t\t<\/button>\n\t\t\t\t<\/div>\n\t\t\t<\/div>\n\t\t<\/form>\n\t\t\t\t\t\t<\/div>\n\t\t\t\t<\/div>\n\t\t\t\t\t<\/div>\n\t\t\t\t<\/div>\n\t\t\t\t<\/div>\n\t\t","protected":false},"excerpt":{"rendered":"<p>Servicio T\u00e9cnico SERVICIO TECNICO DE ORDENADORES, MOVILES, TABLETS y PERIFERICOSS.A.T. (Servicio de Asistencia T\u00e9cnica)El Servicio de Asistencia T\u00e9cnica (S.A.T.) de INFORMATICA ANGEL est\u00e1 compuesto por un equipo profesionales que se dedican a la reparaci\u00f3n y mantenimiento de ordenadores, moviles, tablets y perif\u00e9ricos de todo tipo. La asistencia la prestan, tanto en nuestras dependencias, como en [&hellip;]<\/p>\n","protected":false},"author":1,"featured_media":0,"parent":0,"menu_order":0,"comment_status":"closed","ping_status":"closed","template":"","meta":{"footnotes":""},"class_list":["post-188","page","type-page","status-publish","hentry"],"_links":{"self":[{"href":"https:\/\/www.informaticaangel.com\/index.php\/wp-json\/wp\/v2\/pages\/188","targetHints":{"allow":["GET"]}}],"collection":[{"href":"https:\/\/www.informaticaangel.com\/index.php\/wp-json\/wp\/v2\/pages"}],"about":[{"href":"https:\/\/www.informaticaangel.com\/index.php\/wp-json\/wp\/v2\/types\/page"}],"author":[{"embeddable":true,"href":"https:\/\/www.informaticaangel.com\/index.php\/wp-json\/wp\/v2\/users\/1"}],"replies":[{"embeddable":true,"href":"https:\/\/www.informaticaangel.com\/index.php\/wp-json\/wp\/v2\/comments?post=188"}],"version-history":[{"count":40,"href":"https:\/\/www.informaticaangel.com\/index.php\/wp-json\/wp\/v2\/pages\/188\/revisions"}],"predecessor-version":[{"id":555,"href":"https:\/\/www.informaticaangel.com\/index.php\/wp-json\/wp\/v2\/pages\/188\/revisions\/555"}],"wp:attachment":[{"href":"https:\/\/www.informaticaangel.com\/index.php\/wp-json\/wp\/v2\/media?parent=188"}],"curies":[{"name":"wp","href":"https:\/\/api.w.org\/{rel}","templated":true}]}}